{"id":1420,"date":"2015-02-08T12:15:03","date_gmt":"2015-02-08T11:15:03","guid":{"rendered":"http:\/\/academicrightswatch.se\/?page_id=1420"},"modified":"2023-01-04T15:53:44","modified_gmt":"2023-01-04T14:53:44","slug":"folj-oss-pa-twitter","status":"publish","type":"page","link":"https:\/\/academicrightswatch.se\/?page_id=1420","title":{"rendered":"ARW i sociala medier"},"content":{"rendered":"<h2>Twitter<\/h2>\n<p><a href=\"https:\/\/twitter.com\/academicrightsw\" target=\"_blank\" rel=\"noopener\">@AcademicRightsW<\/a><\/p>\n<h2>Facebook<\/h2>\n<p><a href=\"https:\/\/www.facebook.com\/academicrightswatch.se\">https:\/\/www.facebook.com\/academicrightswatch.se<\/a><\/p>\n<h2>Prenumerera p\u00e5 v\u00e5rt nyhetsbrev<\/h2>\n<p>H\u00e4r kan du\u00a0<a href=\"http:\/\/ymlp.com\/xgbuwebwgmgj\">prenumerera<\/a>\u00a0p\u00e5 nyhetsbrev fr\u00e5n Academic Rights Watch och f\u00e5r d\u00e5 information om n\u00e4r vi publicerar ett nytt \u00e4rende eller informerar om andra h\u00e4ndelser av vikt f\u00f6r den akademiska friheten. Du kan n\u00e4r som helst avbryta din prenumeration.<\/p>\n","protected":false},"excerpt":{"rendered":"<p>Twitter @AcademicRightsW Facebook https:\/\/www.facebook.com\/academicrightswatch.se Prenumerera p\u00e5 v\u00e5rt nyhetsbrev H\u00e4r kan du\u00a0prenumerera\u00a0p\u00e5 nyhetsbrev fr\u00e5n Academic Rights Watch och f\u00e5r d\u00e5 information om n\u00e4r vi publicerar ett nytt \u00e4rende eller informerar om andra h\u00e4ndelser av vikt f\u00f6r den akademiska friheten. Du kan &hellip; <a href=\"https:\/\/academicrightswatch.se\/?page_id=1420\">Forts\u00e4tt l\u00e4sa <span class=\"meta-nav\">&rarr;<\/span><\/a><\/p>\n","protected":false},"author":1,"featured_media":0,"parent":0,"menu_order":5,"comment_status":"closed","ping_status":"closed","template":"","meta":{"footnotes":""},"class_list":["post-1420","page","type-page","status-publish","hentry"],"_links":{"self":[{"href":"https:\/\/academicrightswatch.se\/index.php?rest_route=\/wp\/v2\/pages\/1420","targetHints":{"allow":["GET"]}}],"collection":[{"href":"https:\/\/academicrightswatch.se\/index.php?rest_route=\/wp\/v2\/pages"}],"about":[{"href":"https:\/\/academicrightswatch.se\/index.php?rest_route=\/wp\/v2\/types\/page"}],"author":[{"embeddable":true,"href":"https:\/\/academicrightswatch.se\/index.php?rest_route=\/wp\/v2\/users\/1"}],"replies":[{"embeddable":true,"href":"https:\/\/academicrightswatch.se\/index.php?rest_route=%2Fwp%2Fv2%2Fcomments&post=1420"}],"version-history":[{"count":9,"href":"https:\/\/academicrightswatch.se\/index.php?rest_route=\/wp\/v2\/pages\/1420\/revisions"}],"predecessor-version":[{"id":5181,"href":"https:\/\/academicrightswatch.se\/index.php?rest_route=\/wp\/v2\/pages\/1420\/revisions\/5181"}],"wp:attachment":[{"href":"https:\/\/academicrightswatch.se\/index.php?rest_route=%2Fwp%2Fv2%2Fmedia&parent=1420"}],"curies":[{"name":"wp","href":"https:\/\/api.w.org\/{rel}","templated":true}]}}