{"id":2002,"date":"2016-02-04T16:22:57","date_gmt":"2016-02-04T15:22:57","guid":{"rendered":"http:\/\/academicrightswatch.se\/?page_id=2002"},"modified":"2020-01-29T09:47:51","modified_gmt":"2020-01-29T08:47:51","slug":"stod-oss","status":"publish","type":"page","link":"https:\/\/academicrightswatch.se\/?page_id=2002","title":{"rendered":"St\u00f6d oss"},"content":{"rendered":"<p>Du kan st\u00f6dja v\u00e5r\u00a0verksamhet ekonomiskt genom att anv\u00e4nda n\u00e5gon av dessa tj\u00e4nster:<\/p>\n<p>Swish: 1230820035<\/p>\n<p>Bankgiro: 5072-3568<\/p>\n<p><a href=\"https:\/\/www.patreon.com\/user?u=29438939\">Patreon<\/a><\/p>\n","protected":false},"excerpt":{"rendered":"<p>Du kan st\u00f6dja v\u00e5r\u00a0verksamhet ekonomiskt genom att anv\u00e4nda n\u00e5gon av dessa tj\u00e4nster: Swish: 1230820035 Bankgiro: 5072-3568 Patreon<\/p>\n","protected":false},"author":1,"featured_media":0,"parent":0,"menu_order":10,"comment_status":"closed","ping_status":"closed","template":"","meta":{"footnotes":""},"class_list":["post-2002","page","type-page","status-publish","hentry"],"_links":{"self":[{"href":"https:\/\/academicrightswatch.se\/index.php?rest_route=\/wp\/v2\/pages\/2002","targetHints":{"allow":["GET"]}}],"collection":[{"href":"https:\/\/academicrightswatch.se\/index.php?rest_route=\/wp\/v2\/pages"}],"about":[{"href":"https:\/\/academicrightswatch.se\/index.php?rest_route=\/wp\/v2\/types\/page"}],"author":[{"embeddable":true,"href":"https:\/\/academicrightswatch.se\/index.php?rest_route=\/wp\/v2\/users\/1"}],"replies":[{"embeddable":true,"href":"https:\/\/academicrightswatch.se\/index.php?rest_route=%2Fwp%2Fv2%2Fcomments&post=2002"}],"version-history":[{"count":4,"href":"https:\/\/academicrightswatch.se\/index.php?rest_route=\/wp\/v2\/pages\/2002\/revisions"}],"predecessor-version":[{"id":4037,"href":"https:\/\/academicrightswatch.se\/index.php?rest_route=\/wp\/v2\/pages\/2002\/revisions\/4037"}],"wp:attachment":[{"href":"https:\/\/academicrightswatch.se\/index.php?rest_route=%2Fwp%2Fv2%2Fmedia&parent=2002"}],"curies":[{"name":"wp","href":"https:\/\/api.w.org\/{rel}","templated":true}]}}