{"id":24,"date":"2012-11-03T14:40:34","date_gmt":"2012-11-03T13:40:34","guid":{"rendered":"http:\/\/academicrightswatch.se\/?page_id=24"},"modified":"2022-11-27T14:26:57","modified_gmt":"2022-11-27T13:26:57","slug":"kontakta-oss","status":"publish","type":"page","link":"https:\/\/academicrightswatch.se\/?page_id=24","title":{"rendered":"Kontakta oss"},"content":{"rendered":"<p style=\"text-align: center;\">\u00a0<a href=\"https:\/\/academicrightswatch.se\/wp-content\/uploads\/2012\/12\/Erik.jpg\"><img loading=\"lazy\" decoding=\"async\" class=\"aligncenter wp-image-226\" src=\"https:\/\/academicrightswatch.se\/wp-content\/uploads\/2012\/12\/Erik-818x1024.jpg\" alt=\"Erik\" width=\"464\" height=\"581\" srcset=\"https:\/\/academicrightswatch.se\/wp-content\/uploads\/2012\/12\/Erik-818x1024.jpg 818w, https:\/\/academicrightswatch.se\/wp-content\/uploads\/2012\/12\/Erik-239x300.jpg 239w\" sizes=\"auto, (max-width: 464px) 100vw, 464px\" \/><\/a><a href=\"https:\/\/academicrightswatch.se\/wp-content\/uploads\/2012\/12\/Erik.jpg\"><br \/>\n<\/a><\/p>\n<p><a title=\"Erik\" href=\"http:\/\/www.fil.lu.se\/person\/ErikJOlsson\" target=\"_blank\" rel=\"noopener noreferrer\">Erik J. Olsson<\/a>\u00a0(<a title=\"e-post\" href=\"mailto:erik_j.olsson@academicrightswatch.se\" target=\"_blank\" rel=\"noopener noreferrer\">erik_j.olsson@academicrightswatch.se<\/a>) \u00e4r professor i teoretisk filosofi vid Lunds universitet<\/p>\n<p style=\"text-align: center;\"><a href=\"https:\/\/academicrightswatch.se\/wp-content\/uploads\/2012\/11\/IMG_4199.jpg\"><img loading=\"lazy\" decoding=\"async\" class=\"aligncenter wp-image-1215\" src=\"https:\/\/academicrightswatch.se\/wp-content\/uploads\/2012\/11\/IMG_4199-900x1024.jpg\" alt=\"IMG_4199\" width=\"472\" height=\"537\" srcset=\"https:\/\/academicrightswatch.se\/wp-content\/uploads\/2012\/11\/IMG_4199-900x1023.jpg 900w, https:\/\/academicrightswatch.se\/wp-content\/uploads\/2012\/11\/IMG_4199-263x300.jpg 263w\" sizes=\"auto, (max-width: 472px) 100vw, 472px\" \/><\/a><\/p>\n<p><a title=\"Magnus\" href=\"http:\/\/www.teol.lu.se\/person\/MagnusZetterholm\" target=\"_blank\" rel=\"noopener noreferrer\">Magnus Zetterholm<\/a>\u00a0(<a href=\"mailto:magnus.zetterholm@academicrightswatch.se\" target=\"_blank\" rel=\"noopener noreferrer\">magnus.zetterholm@academicrightswatch.se<\/a>)\u00a0\u00e4r docent och universitetslektor i Nya testamentets exegetik vid Lunds universitet<\/p>\n<h1>Lokala representanter<\/h1>\n<h2>G\u00f6teborgs universitet<\/h2>\n<p><a href=\"https:\/\/academicrightswatch.se\/wp-content\/uploads\/2013\/04\/Jens.jpg\"><img loading=\"lazy\" decoding=\"async\" class=\"aligncenter wp-image-486\" src=\"https:\/\/academicrightswatch.se\/wp-content\/uploads\/2013\/04\/Jens.jpg\" alt=\"OLYMPUS DIGITAL CAMERA\" width=\"458\" height=\"548\" srcset=\"https:\/\/academicrightswatch.se\/wp-content\/uploads\/2013\/04\/Jens.jpg 795w, https:\/\/academicrightswatch.se\/wp-content\/uploads\/2013\/04\/Jens-250x300.jpg 250w\" sizes=\"auto, (max-width: 458px) 100vw, 458px\" \/><\/a><a href=\"http:\/\/www.gu.se\/omuniversitetet\/personal\/?userId=23527&amp;departmentId=022080\" target=\"_blank\" rel=\"noopener noreferrer\">Jens Stilhoff S\u00f6rensen<\/a> (<a href=\"mailto: jens.sorensen@academicrightswatch.se\">jens.sorensen@academicrightswatch.se<\/a>) \u00e4r docent och universitetslektor i globala studier vid G\u00f6teborgs universitet<\/p>\n<h2>Stockholms universitet<\/h2>\n<p><a href=\"https:\/\/academicrightswatch.se\/wp-content\/uploads\/2019\/10\/stern2018c-KOPIA.jpeg\"><img loading=\"lazy\" decoding=\"async\" class=\"wp-image-3872 aligncenter\" src=\"https:\/\/academicrightswatch.se\/wp-content\/uploads\/2019\/10\/stern2018c-KOPIA-238x300.jpeg\" alt=\"\" width=\"458\" height=\"577\" srcset=\"https:\/\/academicrightswatch.se\/wp-content\/uploads\/2019\/10\/stern2018c-KOPIA-238x300.jpeg 238w, https:\/\/academicrightswatch.se\/wp-content\/uploads\/2019\/10\/stern2018c-KOPIA-768x968.jpeg 768w, https:\/\/academicrightswatch.se\/wp-content\/uploads\/2019\/10\/stern2018c-KOPIA-812x1024.jpeg 812w\" sizes=\"auto, (max-width: 458px) 100vw, 458px\" \/><\/a><\/p>\n<p><a href=\"https:\/\/www.su.se\/profiles\/lottast-1.183017\">Charlotta Stern<\/a> (<a href=\"mailto:charlotta.stern@academicrightswatch.se\">charlotta.stern@academicrightswatch.se<\/a>) \u00e4r professor i sociologi vid Stockholms universitet<\/p>\n<h2>Ume\u00e5 universitet<\/h2>\n<p><a href=\"https:\/\/academicrightswatch.se\/wp-content\/uploads\/2013\/03\/guymadison.jpg\"><img loading=\"lazy\" decoding=\"async\" class=\"aligncenter wp-image-427\" src=\"https:\/\/academicrightswatch.se\/wp-content\/uploads\/2013\/03\/guymadison-768x1024.jpg\" alt=\"guymadison\" width=\"436\" height=\"581\" srcset=\"https:\/\/academicrightswatch.se\/wp-content\/uploads\/2013\/03\/guymadison-768x1024.jpg 768w, https:\/\/academicrightswatch.se\/wp-content\/uploads\/2013\/03\/guymadison-225x300.jpg 225w\" sizes=\"auto, (max-width: 436px) 100vw, 436px\" \/><\/a><\/p>\n<p style=\"text-align: left;\"><a href=\"http:\/\/www.umu.se\/sok\/personalkatalog\/visa-person?uid=guma0006&amp;guise=anst2\" target=\"_blank\" rel=\"noopener noreferrer\">Guy Madison<\/a> (<a href=\"mailto:guy.madison@academicrightswatch.se\">guy.madison@academicrightswatch.se<\/a>) \u00e4r professor i psykologi vid Ume\u00e5 universitet<\/p>\n<h2>Uppsala universitet<\/h2>\n<p><img loading=\"lazy\" decoding=\"async\" class=\"aligncenter wp-image-3873\" src=\"https:\/\/academicrightswatch.se\/wp-content\/uploads\/2019\/10\/DSC_0709-201x300.jpeg\" alt=\"\" width=\"458\" height=\"684\" srcset=\"https:\/\/academicrightswatch.se\/wp-content\/uploads\/2019\/10\/DSC_0709-201x300.jpeg 201w, https:\/\/academicrightswatch.se\/wp-content\/uploads\/2019\/10\/DSC_0709-768x1147.jpeg 768w, https:\/\/academicrightswatch.se\/wp-content\/uploads\/2019\/10\/DSC_0709-686x1024.jpeg 686w, https:\/\/academicrightswatch.se\/wp-content\/uploads\/2019\/10\/DSC_0709.jpeg 1349w\" sizes=\"auto, (max-width: 458px) 100vw, 458px\" \/><\/p>\n<p><a href=\"https:\/\/katalog.uu.se\/empinfo\/?id=N7-822\">Gerd Haverling<\/a> (<a href=\"mailto:gerd.haverling@academicrightswatch.se\">gerd.haverling@academicrightswatch.se<\/a>) \u00e4r professor i latin vid Uppsala universitet<\/p>\n<h2><\/h2>\n","protected":false},"excerpt":{"rendered":"<p>\u00a0 Erik J. Olsson\u00a0(erik_j.olsson@academicrightswatch.se) \u00e4r professor i teoretisk filosofi vid Lunds universitet Magnus Zetterholm\u00a0(magnus.zetterholm@academicrightswatch.se)\u00a0\u00e4r docent och universitetslektor i Nya testamentets exegetik vid Lunds universitet Lokala representanter G\u00f6teborgs universitet Jens Stilhoff S\u00f6rensen (jens.sorensen@academicrightswatch.se) \u00e4r docent och universitetslektor i globala studier vid &hellip; <a href=\"https:\/\/academicrightswatch.se\/?page_id=24\">Forts\u00e4tt l\u00e4sa <span class=\"meta-nav\">&rarr;<\/span><\/a><\/p>\n","protected":false},"author":1,"featured_media":0,"parent":0,"menu_order":9,"comment_status":"closed","ping_status":"closed","template":"","meta":{"footnotes":""},"class_list":["post-24","page","type-page","status-publish","hentry"],"_links":{"self":[{"href":"https:\/\/academicrightswatch.se\/index.php?rest_route=\/wp\/v2\/pages\/24","targetHints":{"allow":["GET"]}}],"collection":[{"href":"https:\/\/academicrightswatch.se\/index.php?rest_route=\/wp\/v2\/pages"}],"about":[{"href":"https:\/\/academicrightswatch.se\/index.php?rest_route=\/wp\/v2\/types\/page"}],"author":[{"embeddable":true,"href":"https:\/\/academicrightswatch.se\/index.php?rest_route=\/wp\/v2\/users\/1"}],"replies":[{"embeddable":true,"href":"https:\/\/academicrightswatch.se\/index.php?rest_route=%2Fwp%2Fv2%2Fcomments&post=24"}],"version-history":[{"count":52,"href":"https:\/\/academicrightswatch.se\/index.php?rest_route=\/wp\/v2\/pages\/24\/revisions"}],"predecessor-version":[{"id":5151,"href":"https:\/\/academicrightswatch.se\/index.php?rest_route=\/wp\/v2\/pages\/24\/revisions\/5151"}],"wp:attachment":[{"href":"https:\/\/academicrightswatch.se\/index.php?rest_route=%2Fwp%2Fv2%2Fmedia&parent=24"}],"curies":[{"name":"wp","href":"https:\/\/api.w.org\/{rel}","templated":true}]}}