{"id":3114,"date":"2018-01-08T11:08:16","date_gmt":"2018-01-08T10:08:16","guid":{"rendered":"http:\/\/academicrightswatch.se\/?page_id=3114"},"modified":"2018-01-14T10:58:02","modified_gmt":"2018-01-14T09:58:02","slug":"nyhetsbrev","status":"publish","type":"page","link":"https:\/\/academicrightswatch.se\/?page_id=3114","title":{"rendered":"Nyhetsbrev"},"content":{"rendered":"<p><a href=\"https:\/\/signup.ymlp.com\/xgbuwebwgmgum\">Klicka h\u00e4r f\u00f6r att anm\u00e4la dig till v\u00e5ra nyhetsbrev!<\/a><\/p>\n","protected":false},"excerpt":{"rendered":"<p>Klicka h\u00e4r f\u00f6r att anm\u00e4la dig till v\u00e5ra nyhetsbrev!<\/p>\n","protected":false},"author":3,"featured_media":0,"parent":0,"menu_order":11,"comment_status":"closed","ping_status":"closed","template":"","meta":{"footnotes":""},"class_list":["post-3114","page","type-page","status-publish","hentry"],"_links":{"self":[{"href":"https:\/\/academicrightswatch.se\/index.php?rest_route=\/wp\/v2\/pages\/3114","targetHints":{"allow":["GET"]}}],"collection":[{"href":"https:\/\/academicrightswatch.se\/index.php?rest_route=\/wp\/v2\/pages"}],"about":[{"href":"https:\/\/academicrightswatch.se\/index.php?rest_route=\/wp\/v2\/types\/page"}],"author":[{"embeddable":true,"href":"https:\/\/academicrightswatch.se\/index.php?rest_route=\/wp\/v2\/users\/3"}],"replies":[{"embeddable":true,"href":"https:\/\/academicrightswatch.se\/index.php?rest_route=%2Fwp%2Fv2%2Fcomments&post=3114"}],"version-history":[{"count":4,"href":"https:\/\/academicrightswatch.se\/index.php?rest_route=\/wp\/v2\/pages\/3114\/revisions"}],"predecessor-version":[{"id":3119,"href":"https:\/\/academicrightswatch.se\/index.php?rest_route=\/wp\/v2\/pages\/3114\/revisions\/3119"}],"wp:attachment":[{"href":"https:\/\/academicrightswatch.se\/index.php?rest_route=%2Fwp%2Fv2%2Fmedia&parent=3114"}],"curies":[{"name":"wp","href":"https:\/\/api.w.org\/{rel}","templated":true}]}}