{"id":41,"date":"2012-11-03T16:46:24","date_gmt":"2012-11-03T15:46:24","guid":{"rendered":"http:\/\/academicrightswatch.se\/?page_id=41"},"modified":"2022-11-27T14:24:22","modified_gmt":"2022-11-27T13:24:22","slug":"om-academic-rights-watch","status":"publish","type":"page","link":"https:\/\/academicrightswatch.se\/?page_id=41","title":{"rendered":"Om Academic Rights Watch"},"content":{"rendered":"<p>Insamlingsstiftelsen Academic Rights Watch bevakar den akademiska friheten i Sverige genom att uppm\u00e4rksamma f\u00f6rs\u00f6k att inskr\u00e4nka l\u00e4rares och forskares grundl\u00e4ggande\u00a0r\u00e4ttigheter som yttrande- och \u00e5siktsfrihet. Vi vill \u00e4ven ta upp studenters och doktoranders situation ur detta perspektiv.<\/p>\n<p>Samtidigt vill vi framh\u00e5lla goda exempel och akt\u00f6rer som gjort en insats f\u00f6r den akademiska friheten samt inte minst informera om vad denna frihet betyder och vilka relevanta internationella \u00f6verenskommelser som Sverige undertecknat samt vilken lagstiftning som finns p\u00e5 omr\u00e5det. Genom v\u00e5r kritiska granskning vill vi hj\u00e4lpa h\u00f6gskolorna att b\u00e4ttre uppfylla grundl\u00e4ggande akademiska principer och ideal. Vi vill \u00e4ven ge allm\u00e4nna r\u00e5d om vad man kan g\u00f6ra om man f\u00e5tt sina akademiska r\u00e4ttigheter kr\u00e4nkta.<\/p>\n<p>Bakgrunden \u00e4r att den akademiska friheten \u00e4r central f\u00f6r demokratin. Historien har visat att l\u00e4nder utan akademisk frihet tenderar att stagnera. Utan friheten att kritisera kan vi inte l\u00e4ngre vara s\u00e4kra p\u00e5 att forskningsresultat h\u00e5ller h\u00f6g kvalitet. Samh\u00e4llets beslutsfattare riskerar d\u00e4rmed att f\u00e5 ett s\u00e4mre faktaunderlag att utg\u00e5 ifr\u00e5n. En annan anledning \u00e4r att universiteten utbildar framtidens beslutsfattare. Om universiteten \u00e4r tr\u00e5ngsynta och intoleranta sprider sig denna anda i samh\u00e4llet i stort.<\/p>\n<p>Samtidigt upplever nu m\u00e5nga akademiker att deras frihet faktiskt \u00e4r hotad. Om realiteten bakom denna oro vittnar allt fler \u201daff\u00e4rer\u201d och unders\u00f6kningar som alla pekar i samma riktning: mot \u00f6kad \u00e5siktskontroll vid v\u00e5ra h\u00f6gskolor. F\u00f6rklaringen \u00e4r komplicerad men den viktigaste \u00e4r att h\u00f6gskolorna, i likhet med andra statliga myndigheter, alltmer toppstyrs som om de vore privata f\u00f6retag enligt New Public Management d\u00e4r kritiskt t\u00e4nkande, demokrati och akademisk professionalism inte l\u00e4ngre passar in.<\/p>\n<p>Vi \u00e4r\u00a0en oberoende och obunden kraft, s\u00e5v\u00e4l politiskt som religi\u00f6st, och vi f\u00f6rbeh\u00e5ller oss r\u00e4tten att kritisera alla som inte respekterar akademins v\u00e4rdegrund, vare sig det r\u00f6r sig om enskilda personer, universitet, fackliga organisationer, regeringen, domstolar eller andra myndigheter.<\/p>\n<h2>Styrelse<\/h2>\n<p><em>Ordf\u00f6rande<\/em><\/p>\n<p>Erik J. Olsson &lt;erik_j.olsson@academicrightswatch.se&gt;<\/p>\n<p><em>\u00d6vriga ordinarie styrelsemedlemmar<\/em><\/p>\n<p>Guy Madison &lt;guy.madison@academicrightswatch.se&gt;<\/p>\n<p>Karin Hedner Zetterholm \u00a0&lt;karin.zetterholm@academicrightswatch.se&gt;<\/p>\n<p>Jens Stilhoff S\u00f6rensen &lt;jens.sorensen@academicrightswatch.se&gt;<\/p>\n<p>Magnus Zetterholm &lt;magnus.zetterholm@academicrightswatch.se&gt;<\/p>\n<hr \/>\n<p><a href=\"https:\/\/academicrightswatch.se\/wp-content\/uploads\/2016\/02\/Stadgar-ARW.pdf\" target=\"_blank\" rel=\"noopener noreferrer\">Stadgar<\/a><\/p>\n<p><a href=\"https:\/\/academicrightswatch.se\/wp-content\/uploads\/2016\/02\/Stiftelseurkund-ARW.pdf\" target=\"_blank\" rel=\"noopener noreferrer\">Stiftelseurkund<\/a><\/p>\n<p>Organisationsnummer:\u00a0802479-0035<\/p>\n<p>Swish:\u00a01230820035<\/p>\n<p>Bankgiro:\u00a05072-3568<\/p>\n<h1><\/h1>\n<div class=\"entry-content\"><\/div>\n","protected":false},"excerpt":{"rendered":"<p>Insamlingsstiftelsen Academic Rights Watch bevakar den akademiska friheten i Sverige genom att uppm\u00e4rksamma f\u00f6rs\u00f6k att inskr\u00e4nka l\u00e4rares och forskares grundl\u00e4ggande\u00a0r\u00e4ttigheter som yttrande- och \u00e5siktsfrihet. Vi vill \u00e4ven ta upp studenters och doktoranders situation ur detta perspektiv. Samtidigt vill vi framh\u00e5lla &hellip; <a href=\"https:\/\/academicrightswatch.se\/?page_id=41\">Forts\u00e4tt l\u00e4sa <span class=\"meta-nav\">&rarr;<\/span><\/a><\/p>\n","protected":false},"author":1,"featured_media":0,"parent":0,"menu_order":0,"comment_status":"closed","ping_status":"closed","template":"","meta":{"footnotes":""},"class_list":["post-41","page","type-page","status-publish","hentry"],"_links":{"self":[{"href":"https:\/\/academicrightswatch.se\/index.php?rest_route=\/wp\/v2\/pages\/41","targetHints":{"allow":["GET"]}}],"collection":[{"href":"https:\/\/academicrightswatch.se\/index.php?rest_route=\/wp\/v2\/pages"}],"about":[{"href":"https:\/\/academicrightswatch.se\/index.php?rest_route=\/wp\/v2\/types\/page"}],"author":[{"embeddable":true,"href":"https:\/\/academicrightswatch.se\/index.php?rest_route=\/wp\/v2\/users\/1"}],"replies":[{"embeddable":true,"href":"https:\/\/academicrightswatch.se\/index.php?rest_route=%2Fwp%2Fv2%2Fcomments&post=41"}],"version-history":[{"count":31,"href":"https:\/\/academicrightswatch.se\/index.php?rest_route=\/wp\/v2\/pages\/41\/revisions"}],"predecessor-version":[{"id":5150,"href":"https:\/\/academicrightswatch.se\/index.php?rest_route=\/wp\/v2\/pages\/41\/revisions\/5150"}],"wp:attachment":[{"href":"https:\/\/academicrightswatch.se\/index.php?rest_route=%2Fwp%2Fv2%2Fmedia&parent=41"}],"curies":[{"name":"wp","href":"https:\/\/api.w.org\/{rel}","templated":true}]}}